{"id":52,"date":"2017-09-04T22:28:12","date_gmt":"2017-09-05T03:28:12","guid":{"rendered":"http:\/\/www.efiex.co\/blog\/home\/"},"modified":"2018-03-01T13:18:10","modified_gmt":"2018-03-01T18:18:10","slug":"home","status":"publish","type":"page","link":"https:\/\/www.efiex.co\/blog\/","title":{"rendered":"Efiex"},"content":{"rendered":"<p>&nbsp;<\/p>\n<p>EFIEX es un sistema inteligente para registrar las variables inherentes a la operaci\u00f3n en la planta o la empresa y realizar la calificaci\u00f3n de amenazas y oportunidades en industrias innovadoras.<\/p>\n<p>Mediante el an\u00e1lisis, cruce y ponderaci\u00f3n de la informaci\u00f3n, permite cambiar potencialmente la forma de actuar, derivando en acciones basadas en la informaci\u00f3n que antes se descartaba.<\/p>\n<div style=\"width: 720px;\" class=\"wp-video\"><video class=\"wp-video-shortcode\" id=\"video-52-1\" width=\"720\" height=\"405\" poster=\"https:\/\/www.efiex.co\/blog\/wp-content\/uploads\/2017\/09\/Graf7.png\" preload=\"auto\" controls=\"controls\"><source type=\"video\/mp4\" src=\"https:\/\/www.efiex.co\/blog\/wp-content\/uploads\/2017\/10\/Efiex-funcionalidad-2017.mp4?_=1\" \/><a href=\"https:\/\/www.efiex.co\/blog\/wp-content\/uploads\/2017\/10\/Efiex-funcionalidad-2017.mp4\">https:\/\/www.efiex.co\/blog\/wp-content\/uploads\/2017\/10\/Efiex-funcionalidad-2017.mp4<\/a><\/video><\/div>\n<p>El an\u00e1lisis y la gesti\u00f3n que provee Efiex constituyen una de las oportunidades m\u00e1s emocionantes, eficaces y r\u00e1pidas para llevar a las empresa a optimizar su operaci\u00f3n.<\/p>\n<p>&nbsp;<\/p>\n<p>&nbsp;<\/p>\n<p><a href=\"https:\/\/efiex.co\/efiex\/web\/site\/login\"><img decoding=\"async\" loading=\"lazy\" class=\"wp-image-141 aligncenter\" src=\"https:\/\/www.efiex.co\/blog\/wp-content\/uploads\/2017\/09\/Ingresar-1.png\" alt=\"\" width=\"99\" height=\"76\" \/><\/a><\/p>\n<p>&nbsp;<\/p>\n<p>&nbsp;<\/p>\n<p>&nbsp;<\/p>\n<p>&nbsp;<\/p>\n<p>&nbsp;<\/p>\n<p>&nbsp;<\/p>\n<p>&nbsp;<\/p>\n","protected":false},"excerpt":{"rendered":"<p>&nbsp; EFIEX es un sistema inteligente para registrar las variables inherentes a la operaci\u00f3n en la planta o la empresa y realizar la calificaci\u00f3n de amenazas y oportunidades en industrias innovadoras. Mediante el an\u00e1lisis, cruce [&hellip;]<\/p>\n","protected":false},"author":1,"featured_media":0,"parent":0,"menu_order":0,"comment_status":"closed","ping_status":"closed","template":"","meta":{"nf_dc_page":"","footnotes":""},"class_list":["post-52","page","type-page","status-publish","hentry","post"],"_links":{"self":[{"href":"https:\/\/www.efiex.co\/blog\/wp-json\/wp\/v2\/pages\/52","targetHints":{"allow":["GET"]}}],"collection":[{"href":"https:\/\/www.efiex.co\/blog\/wp-json\/wp\/v2\/pages"}],"about":[{"href":"https:\/\/www.efiex.co\/blog\/wp-json\/wp\/v2\/types\/page"}],"author":[{"embeddable":true,"href":"https:\/\/www.efiex.co\/blog\/wp-json\/wp\/v2\/users\/1"}],"replies":[{"embeddable":true,"href":"https:\/\/www.efiex.co\/blog\/wp-json\/wp\/v2\/comments?post=52"}],"version-history":[{"count":14,"href":"https:\/\/www.efiex.co\/blog\/wp-json\/wp\/v2\/pages\/52\/revisions"}],"predecessor-version":[{"id":320,"href":"https:\/\/www.efiex.co\/blog\/wp-json\/wp\/v2\/pages\/52\/revisions\/320"}],"wp:attachment":[{"href":"https:\/\/www.efiex.co\/blog\/wp-json\/wp\/v2\/media?parent=52"}],"curies":[{"name":"wp","href":"https:\/\/api.w.org\/{rel}","templated":true}]}}