{"id":310,"date":"2018-02-03T19:00:17","date_gmt":"2018-02-04T00:00:17","guid":{"rendered":"https:\/\/www.efiex.co\/blog\/?page_id=310"},"modified":"2018-02-03T19:14:20","modified_gmt":"2018-02-04T00:14:20","slug":"caracteristicas","status":"publish","type":"page","link":"https:\/\/www.efiex.co\/blog\/home\/caracteristicas\/","title":{"rendered":"Caracter\u00edsticas"},"content":{"rendered":"<p>&nbsp;<\/p>\n<p>EFIEX mide el uso individual de sus equipos mediante un Monitor simple de instalar y visualizaci\u00f3n directa de toda la informaci\u00f3n en su celular.<\/p>\n<p>Relaciona diferentes variables con la producci\u00f3n, para reconocer las actividades realizadas, previendo gastos en mantenimientos correctivos, fallas en sistemas de alimentaci\u00f3n, riesgos presentes por sobrecapacidad y adem\u00e1s establece la l\u00ednea base de producci\u00f3n.<\/p>\n<p>&nbsp;<\/p>\n<table style=\"height: 539px;\" width=\"885\" cellspacing=\"0\" cellpadding=\"0\">\n<tbody>\n<tr>\n<td valign=\"top\">\u00a0<img decoding=\"async\" loading=\"lazy\" class=\"wp-image-271 aligncenter\" src=\"https:\/\/www.efiex.co\/blog\/wp-content\/uploads\/2017\/12\/p_energiah.png\" alt=\"\" width=\"92\" height=\"91\" srcset=\"https:\/\/www.efiex.co\/blog\/wp-content\/uploads\/2017\/12\/p_energiah.png 332w, https:\/\/www.efiex.co\/blog\/wp-content\/uploads\/2017\/12\/p_energiah-150x150.png 150w, https:\/\/www.efiex.co\/blog\/wp-content\/uploads\/2017\/12\/p_energiah-300x298.png 300w\" sizes=\"auto, (max-width: 92px) 100vw, 92px\" \/><\/td>\n<td valign=\"top\">\u00a0<img decoding=\"async\" loading=\"lazy\" class=\"wp-image-273 aligncenter\" src=\"https:\/\/www.efiex.co\/blog\/wp-content\/uploads\/2017\/12\/p_indicadores.png\" alt=\"\" width=\"96\" height=\"90\" srcset=\"https:\/\/www.efiex.co\/blog\/wp-content\/uploads\/2017\/12\/p_indicadores.png 390w, https:\/\/www.efiex.co\/blog\/wp-content\/uploads\/2017\/12\/p_indicadores-300x282.png 300w\" sizes=\"auto, (max-width: 96px) 100vw, 96px\" \/><\/td>\n<td valign=\"top\">\u00a0<img decoding=\"async\" loading=\"lazy\" class=\"wp-image-272 aligncenter\" src=\"https:\/\/www.efiex.co\/blog\/wp-content\/uploads\/2017\/12\/p_huella.png\" alt=\"\" width=\"85\" height=\"79\" srcset=\"https:\/\/www.efiex.co\/blog\/wp-content\/uploads\/2017\/12\/p_huella.png 418w, https:\/\/www.efiex.co\/blog\/wp-content\/uploads\/2017\/12\/p_huella-300x280.png 300w\" sizes=\"auto, (max-width: 85px) 100vw, 85px\" \/><\/td>\n<td valign=\"top\">\u00a0<img decoding=\"async\" loading=\"lazy\" class=\"wp-image-270 aligncenter\" src=\"https:\/\/www.efiex.co\/blog\/wp-content\/uploads\/2017\/12\/p_costos.png\" alt=\"\" width=\"108\" height=\"101\" srcset=\"https:\/\/www.efiex.co\/blog\/wp-content\/uploads\/2017\/12\/p_costos.png 402w, https:\/\/www.efiex.co\/blog\/wp-content\/uploads\/2017\/12\/p_costos-300x281.png 300w\" sizes=\"auto, (max-width: 108px) 100vw, 108px\" \/><\/td>\n<\/tr>\n<tr>\n<td valign=\"top\"><span style=\"color: #000000; font-family: Helvetica; font-size: small;\">Energ\u00eda hora a hora, perfiles de carga, consumos individuales por hora, d\u00eda y mes<\/span><\/td>\n<td valign=\"top\"><span style=\"color: #000000; font-family: Helvetica; font-size: small;\">Indicadores de falla: Permite establecer las causas de los problemas asociados a la confiabilidad.<\/span><\/td>\n<td valign=\"top\"><span style=\"color: #000000; font-family: Helvetica; font-size: small;\">Huella de CO2: Est\u00e1ndar universal para ser reconocido como empresa ambientalmente responsable<\/span><\/td>\n<td valign=\"top\"><span style=\"color: #000000; font-family: Helvetica; font-size: small;\">Costos: Individuales, desde minutos <\/span><span style=\"color: #000000; font-family: Helvetica; font-size: small;\">hasta a\u00f1os, desde el consumo global hasta el costo por equipo<\/span><\/td>\n<\/tr>\n<tr>\n<td valign=\"top\">\u00a0<img decoding=\"async\" loading=\"lazy\" class=\"wp-image-274 aligncenter\" src=\"https:\/\/www.efiex.co\/blog\/wp-content\/uploads\/2017\/12\/p_recomendaciones.png\" alt=\"\" width=\"82\" height=\"67\" srcset=\"https:\/\/www.efiex.co\/blog\/wp-content\/uploads\/2017\/12\/p_recomendaciones.png 422w, https:\/\/www.efiex.co\/blog\/wp-content\/uploads\/2017\/12\/p_recomendaciones-300x246.png 300w\" sizes=\"auto, (max-width: 82px) 100vw, 82px\" \/><\/td>\n<td valign=\"top\">\u00a0<img decoding=\"async\" loading=\"lazy\" class=\"wp-image-276 aligncenter\" src=\"https:\/\/www.efiex.co\/blog\/wp-content\/uploads\/2017\/12\/p_uso.png\" alt=\"\" width=\"108\" height=\"85\" srcset=\"https:\/\/www.efiex.co\/blog\/wp-content\/uploads\/2017\/12\/p_uso.png 416w, https:\/\/www.efiex.co\/blog\/wp-content\/uploads\/2017\/12\/p_uso-300x235.png 300w\" sizes=\"auto, (max-width: 108px) 100vw, 108px\" \/><\/td>\n<td valign=\"top\">\u00a0<img decoding=\"async\" loading=\"lazy\" class=\"wp-image-269 aligncenter\" src=\"https:\/\/www.efiex.co\/blog\/wp-content\/uploads\/2017\/12\/p_ahorro.png\" alt=\"\" width=\"90\" height=\"94\" srcset=\"https:\/\/www.efiex.co\/blog\/wp-content\/uploads\/2017\/12\/p_ahorro.png 452w, https:\/\/www.efiex.co\/blog\/wp-content\/uploads\/2017\/12\/p_ahorro-289x300.png 289w\" sizes=\"auto, (max-width: 90px) 100vw, 90px\" \/><\/td>\n<td valign=\"top\">\u00a0<img decoding=\"async\" loading=\"lazy\" class=\"wp-image-275 aligncenter\" src=\"https:\/\/www.efiex.co\/blog\/wp-content\/uploads\/2017\/12\/p_tiempo.png\" alt=\"\" width=\"95\" height=\"92\" srcset=\"https:\/\/www.efiex.co\/blog\/wp-content\/uploads\/2017\/12\/p_tiempo.png 368w, https:\/\/www.efiex.co\/blog\/wp-content\/uploads\/2017\/12\/p_tiempo-300x290.png 300w\" sizes=\"auto, (max-width: 95px) 100vw, 95px\" \/><\/td>\n<\/tr>\n<tr>\n<td valign=\"top\"><span style=\"color: #000000; font-family: Helvetica; font-size: small;\">Recomendaciones espec\u00edficas para la compa\u00f1\u00eda de forma que pueda tomar acciones de forma efectiva<\/span><\/td>\n<td valign=\"top\"><span style=\"color: #000000; font-family: Helvetica; font-size: small;\">Uso de equipos: Incluyendo \u00faltima detecci\u00f3n, vida \u00fatil remanente, intervenciones e historial<\/span><\/td>\n<td valign=\"top\"><span style=\"color: #000000; font-family: Helvetica; font-size: small;\">Ahorre Costos, Efiex equivale a tener un auditor de energ\u00eda en planta 24\/7 los 365 d\u00edas<\/span><\/td>\n<td valign=\"top\"><span style=\"color: #000000; font-family: Helvetica; font-size: small;\">Ahorre tiempo, si requiere estudios o establecer informaci\u00f3n base sobre su producci\u00f3n Efiex brinda a un click informes detallados<\/span><\/td>\n<\/tr>\n<\/tbody>\n<\/table>\n<p>&nbsp;<\/p>\n<p>EFIEX reconoce la operaci\u00f3n, capacidad y eficiencia de su empresa mediante la medici\u00f3n continua, ofreciendo un est\u00e1ndar universal para tomar decisiones y conocer alternativas que generan verdadera competitividad, materializando la informaci\u00f3n que su empresa ya produce en datos certeros para toma correcta de decisiones.<\/p>\n<div class=\"col-sm-8\">\n<p>&nbsp;<\/p>\n<\/div>\n<p><img decoding=\"async\" loading=\"lazy\" class=\"wp-image-47 aligncenter\" src=\"http:\/\/www.efiex.co\/blog\/wp-content\/uploads\/2017\/09\/Graf4-1024x323.png\" alt=\"\" width=\"443\" height=\"140\" srcset=\"https:\/\/www.efiex.co\/blog\/wp-content\/uploads\/2017\/09\/Graf4-1024x323.png 1024w, https:\/\/www.efiex.co\/blog\/wp-content\/uploads\/2017\/09\/Graf4-300x95.png 300w, https:\/\/www.efiex.co\/blog\/wp-content\/uploads\/2017\/09\/Graf4-768x242.png 768w, https:\/\/www.efiex.co\/blog\/wp-content\/uploads\/2017\/09\/Graf4-200x63.png 200w, https:\/\/www.efiex.co\/blog\/wp-content\/uploads\/2017\/09\/Graf4-690x218.png 690w, https:\/\/www.efiex.co\/blog\/wp-content\/uploads\/2017\/09\/Graf4.png 1440w\" sizes=\"auto, (max-width: 443px) 100vw, 443px\" \/><\/p>\n<div class=\"col-sm-8\">\n<p style=\"text-align: center;\"><span style=\"color: #999999;\">relacionamiento de producci\u00f3n y funci\u00f3n de validaci\u00f3n de datos<\/span><\/p>\n<p>&nbsp;<\/p>\n<p>Reconoce el uso real de los\u00a0equipos, m\u00e1quinas, electrodom\u00e9sticos, motores o la iluminaci\u00f3n, cuantificando su uso y generando una hoja de vida del equipo que se complementa con eventos.<\/p>\n<p>&nbsp;<\/p>\n<p><img decoding=\"async\" loading=\"lazy\" class=\"wp-image-65 aligncenter\" src=\"http:\/\/www.efiex.co\/blog\/wp-content\/uploads\/2017\/09\/Efiex1-1024x881.png\" alt=\"\" width=\"396\" height=\"340\" srcset=\"https:\/\/www.efiex.co\/blog\/wp-content\/uploads\/2017\/09\/Efiex1-1024x881.png 1024w, https:\/\/www.efiex.co\/blog\/wp-content\/uploads\/2017\/09\/Efiex1-300x258.png 300w, https:\/\/www.efiex.co\/blog\/wp-content\/uploads\/2017\/09\/Efiex1-768x661.png 768w, https:\/\/www.efiex.co\/blog\/wp-content\/uploads\/2017\/09\/Efiex1-200x172.png 200w, https:\/\/www.efiex.co\/blog\/wp-content\/uploads\/2017\/09\/Efiex1-690x593.png 690w, https:\/\/www.efiex.co\/blog\/wp-content\/uploads\/2017\/09\/Efiex1.png 1544w\" sizes=\"auto, (max-width: 396px) 100vw, 396px\" \/><\/p>\n<p style=\"text-align: center;\"><span style=\"color: #999999;\">vista general y detallada de los equipos<\/span><\/p>\n<\/div>\n<div class=\"col-sm-8\">\n<p>&nbsp;<\/p>\n<p>Establece el costo de un producto asegura que el precio se ajusta al beneficio esperado. La relaci\u00f3n entre producci\u00f3n (kg, uds, mts, etc) y energ\u00eda es comprobada y ser\u00e1 mayor cuando la energ\u00eda representa m\u00e1s del 15% del costo.<\/p>\n<p>Cada kWh (kilovatio-hora) se controla, puede establecer los costos, y reducirlos sin sacrificar productividad.<\/p>\n<p>&nbsp;<\/p>\n<\/div>\n<p><img decoding=\"async\" loading=\"lazy\" class=\"wp-image-41 aligncenter\" src=\"http:\/\/www.efiex.co\/blog\/wp-content\/uploads\/2017\/08\/graf1.gif\" alt=\"\" width=\"359\" height=\"237\" \/><\/p>\n<p style=\"text-align: center;\"><span style=\"color: #999999;\">Perfil de carga<\/span><\/p>\n<div class=\"col-sm-8\">\n<p>Garantiza el control y la medida de la energ\u00eda el\u00e9ctrica asociando todos los eventos de la organizaci\u00f3n para reconocer el uso, las fugas, los costos variables y los errores en todo momento, llevando a su empresa a la Eficiencia Extrema, eso es Efiex.<\/p>\n<p>&nbsp;<\/p>\n<h1>\u00a0Caracter\u00edsticas generales<\/h1>\n<\/div>\n<table cellspacing=\"0\" cellpadding=\"0\">\n<tbody>\n<tr>\n<td valign=\"top\"><img decoding=\"async\" loading=\"lazy\" class=\"wp-image-278 aligncenter\" src=\"https:\/\/www.efiex.co\/blog\/wp-content\/uploads\/2017\/12\/p_simple.png\" alt=\"\" width=\"83\" height=\"86\" srcset=\"https:\/\/www.efiex.co\/blog\/wp-content\/uploads\/2017\/12\/p_simple.png 356w, https:\/\/www.efiex.co\/blog\/wp-content\/uploads\/2017\/12\/p_simple-290x300.png 290w\" sizes=\"auto, (max-width: 83px) 100vw, 83px\" \/><\/td>\n<td valign=\"top\">Simple de instalar, s\u00f3lo requiere toma de 110 VAC y punto de toma de medida<\/p>\n<div class=\"row\">\n<div class=\"col-sm-11\">Uso amigable e intuitivo con respaldo de uso<\/div>\n<\/div>\n<div class=\"row\">\n<div class=\"col-sm-11\">No requiere software, aplicaci\u00f3n con web server incorporado.<\/div>\n<\/div>\n<div class=\"row\">\n<div class=\"col-sm-11\">Monitoreo de 3 fases simult\u00e1neas, sin equipos adicionales<\/div>\n<\/div>\n<div class=\"row\">\n<div class=\"col-sm-11\">Registro detallado de variables hora, minuto, d\u00eda, semana, mes<\/div>\n<\/div>\n<\/td>\n<\/tr>\n<tr>\n<td valign=\"top\"><img decoding=\"async\" loading=\"lazy\" class=\"wp-image-277 aligncenter\" style=\"font-family: inherit; font-size: inherit;\" src=\"https:\/\/www.efiex.co\/blog\/wp-content\/uploads\/2017\/12\/p_reportes.png\" alt=\"\" width=\"91\" height=\"81\" srcset=\"https:\/\/www.efiex.co\/blog\/wp-content\/uploads\/2017\/12\/p_reportes.png 452w, https:\/\/www.efiex.co\/blog\/wp-content\/uploads\/2017\/12\/p_reportes-300x268.png 300w\" sizes=\"auto, (max-width: 91px) 100vw, 91px\" \/><\/td>\n<td valign=\"top\">Informaci\u00f3n completa de energ\u00eda<\/p>\n<div class=\"row\">\n<div class=\"col-sm-11\">Watts, VA, VAr, Factor de Potencia, Watts-hora, V, I, f, etc..<\/div>\n<\/div>\n<div class=\"row\">\n<div>Detecci\u00f3n de problemas de calidad de suministro<\/div>\n<\/div>\n<div class=\"row\">\n<div class=\"col-sm-11\">Registro acumulativo de energ\u00eda, no requiere de personal para toma diaria de lecturas<\/div>\n<\/div>\n<\/td>\n<\/tr>\n<tr>\n<td valign=\"top\"><img decoding=\"async\" loading=\"lazy\" class=\"wp-image-279 aligncenter\" src=\"https:\/\/www.efiex.co\/blog\/wp-content\/uploads\/2017\/12\/p_ambiental.png\" alt=\"\" width=\"88\" height=\"82\" srcset=\"https:\/\/www.efiex.co\/blog\/wp-content\/uploads\/2017\/12\/p_ambiental.png 416w, https:\/\/www.efiex.co\/blog\/wp-content\/uploads\/2017\/12\/p_ambiental-300x280.png 300w\" sizes=\"auto, (max-width: 88px) 100vw, 88px\" \/><\/td>\n<td valign=\"top\">Acumulaci\u00f3n de emisiones de CO2 para iniciativas verdes<\/p>\n<div class=\"row\">\n<div class=\"col-sm-11\">Localiza los costos de energ\u00eda significativos en la planta<\/div>\n<\/div>\n<div class=\"row\">\n<div class=\"col-sm-11\">Administraci\u00f3n de costos por d\u00eda, mes y a\u00f1o<\/div>\n<\/div>\n<\/td>\n<\/tr>\n<tr>\n<td valign=\"top\"><img decoding=\"async\" loading=\"lazy\" class=\"wp-image-280 aligncenter\" src=\"https:\/\/www.efiex.co\/blog\/wp-content\/uploads\/2017\/12\/evento_gerencial.jpg\" alt=\"\" width=\"79\" height=\"79\" srcset=\"https:\/\/www.efiex.co\/blog\/wp-content\/uploads\/2017\/12\/evento_gerencial.jpg 174w, https:\/\/www.efiex.co\/blog\/wp-content\/uploads\/2017\/12\/evento_gerencial-150x150.jpg 150w\" sizes=\"auto, (max-width: 79px) 100vw, 79px\" \/><\/td>\n<td valign=\"top\">Auditoria 24\/7 los 365 d\u00edas<\/td>\n<\/tr>\n<\/tbody>\n<\/table>\n<div><\/div>\n<div><\/div>\n<div class=\"col-sm-8\">\n<div class=\"row\"><\/div>\n<p>&nbsp;<\/p>\n<h1>Caracter\u00edsticas t\u00e9cnicas del Monitor<\/h1>\n<p>5 a\u00f1os de garant\u00eda<br \/>\nMedici\u00f3n real True-RMS<br \/>\nCumplimiento de ANSI C12.20 (clase 0.2) e IEC 62053-22 (clase 0.2S)<br \/>\nAn\u00e1lisis de calidad de energ\u00eda, curva de carga, sobre\/sub tensi\u00f3n, sobrecarga, THD, etc..<br \/>\nAlarma configurable<br \/>\nPuerto de comunicaci\u00f3n (Ethernet)<br \/>\nCompatible con Modbus RTU<br \/>\nDNP 3.0, BACnet IP, BACnet MS \/ TP<br \/>\nMedici\u00f3n de frecuencia nominal de 60Hz y 400Hz<br \/>\nRegistro de datos<\/p>\n<\/div>\n<h1 dir=\"ltr\" data-placeholder=\"Traducci\u00f3n\"><\/h1>\n<h1 dir=\"ltr\" data-placeholder=\"Traducci\u00f3n\">Certificaciones<\/h1>\n<p><img decoding=\"async\" loading=\"lazy\" class=\"alignnone wp-image-254\" src=\"https:\/\/www.efiex.co\/blog\/wp-content\/uploads\/2017\/12\/Captura-de-pantalla-2017-12-06-a-las-9.30.13-p.m..png\" alt=\"\" width=\"74\" height=\"62\" srcset=\"https:\/\/www.efiex.co\/blog\/wp-content\/uploads\/2017\/12\/Captura-de-pantalla-2017-12-06-a-las-9.30.13-p.m..png 152w, https:\/\/www.efiex.co\/blog\/wp-content\/uploads\/2017\/12\/Captura-de-pantalla-2017-12-06-a-las-9.30.13-p.m.-150x128.png 150w\" sizes=\"auto, (max-width: 74px) 100vw, 74px\" \/>\u00a0 \u00a0\u00a0<img decoding=\"async\" loading=\"lazy\" class=\"alignnone wp-image-255\" src=\"https:\/\/www.efiex.co\/blog\/wp-content\/uploads\/2017\/12\/Captura-de-pantalla-2017-12-06-a-las-9.30.20-p.m..png\" alt=\"\" width=\"99\" height=\"62\" \/>\u00a0 \u00a0\u00a0<img decoding=\"async\" loading=\"lazy\" class=\"alignnone wp-image-256\" src=\"https:\/\/www.efiex.co\/blog\/wp-content\/uploads\/2017\/12\/Captura-de-pantalla-2017-12-06-a-las-9.30.24-p.m..png\" alt=\"\" width=\"81\" height=\"52\" \/><\/p>\n<p dir=\"ltr\" data-placeholder=\"Traducci\u00f3n\">Norma de medici\u00f3n IEC 62053-22<br \/>\nANSI C12.20 Norma medioambiental IEC 60068-2<br \/>\nNorma EMC IEC 61000-4, IEC 61000-3-2, IEC 61000-6-2 \/ 4<br \/>\nNorma de seguridad IEC 61010-1, UL 61010-1, IEC 61557-12<br \/>\nEsquemas est\u00e1ndar DIN 43700<br \/>\nANSI C39.1<\/p>\n<p>&nbsp;<\/p>\n<p>Es hora de empezar a mejorar la productividad.<\/p>\n<p>&nbsp;<\/p>\n<p><a href=\"https:\/\/efiex.co\/efiex\/web\/site\/login\"><img decoding=\"async\" loading=\"lazy\" class=\"wp-image-141 alignright\" src=\"https:\/\/www.efiex.co\/blog\/wp-content\/uploads\/2017\/09\/Ingresar-1.png\" alt=\"\" width=\"99\" height=\"76\" \/><\/a><\/p>\n","protected":false},"excerpt":{"rendered":"<p>&nbsp; EFIEX mide el uso individual de sus equipos mediante un Monitor simple de instalar y visualizaci\u00f3n directa de toda la informaci\u00f3n en su celular. Relaciona diferentes variables con la producci\u00f3n, para reconocer las actividades [&hellip;]<\/p>\n","protected":false},"author":2,"featured_media":0,"parent":52,"menu_order":0,"comment_status":"closed","ping_status":"closed","template":"","meta":{"nf_dc_page":"","footnotes":""},"class_list":["post-310","page","type-page","status-publish","hentry","post"],"_links":{"self":[{"href":"https:\/\/www.efiex.co\/blog\/wp-json\/wp\/v2\/pages\/310","targetHints":{"allow":["GET"]}}],"collection":[{"href":"https:\/\/www.efiex.co\/blog\/wp-json\/wp\/v2\/pages"}],"about":[{"href":"https:\/\/www.efiex.co\/blog\/wp-json\/wp\/v2\/types\/page"}],"author":[{"embeddable":true,"href":"https:\/\/www.efiex.co\/blog\/wp-json\/wp\/v2\/users\/2"}],"replies":[{"embeddable":true,"href":"https:\/\/www.efiex.co\/blog\/wp-json\/wp\/v2\/comments?post=310"}],"version-history":[{"count":1,"href":"https:\/\/www.efiex.co\/blog\/wp-json\/wp\/v2\/pages\/310\/revisions"}],"predecessor-version":[{"id":311,"href":"https:\/\/www.efiex.co\/blog\/wp-json\/wp\/v2\/pages\/310\/revisions\/311"}],"up":[{"embeddable":true,"href":"https:\/\/www.efiex.co\/blog\/wp-json\/wp\/v2\/pages\/52"}],"wp:attachment":[{"href":"https:\/\/www.efiex.co\/blog\/wp-json\/wp\/v2\/media?parent=310"}],"curies":[{"name":"wp","href":"https:\/\/api.w.org\/{rel}","templated":true}]}}