{"id":309,"date":"2018-02-03T19:00:59","date_gmt":"2018-02-04T00:00:59","guid":{"rendered":"https:\/\/www.efiex.co\/blog\/?page_id=309"},"modified":"2018-02-03T19:25:03","modified_gmt":"2018-02-04T00:25:03","slug":"aplicaciones","status":"publish","type":"page","link":"https:\/\/www.efiex.co\/blog\/home\/aplicaciones\/","title":{"rendered":"Aplicaciones"},"content":{"rendered":"<div class=\"row\">\n<div class=\"col-sm-6\">\n<h1>Edificios, Clubes y Hoteles<\/h1>\n<p><img decoding=\"async\" loading=\"lazy\" class=\"wp-image-217 alignright\" src=\"https:\/\/www.efiex.co\/blog\/wp-content\/uploads\/2017\/12\/i_edificios.jpg\" alt=\"\" width=\"501\" height=\"374\" srcset=\"https:\/\/www.efiex.co\/blog\/wp-content\/uploads\/2017\/12\/i_edificios.jpg 650w, https:\/\/www.efiex.co\/blog\/wp-content\/uploads\/2017\/12\/i_edificios-300x224.jpg 300w\" sizes=\"auto, (max-width: 501px) 100vw, 501px\" \/><\/p>\n<p>Para la administraci\u00f3n de los edificios, contar con informaci\u00f3n en tiempo real del consumo energ\u00e9tico permite formar planes de acci\u00f3n en pro de garantizar un adecuado presupuesto de gasto anual.<\/p>\n<p>Conocer c\u00f3mo las bombas, luminarias internas y externas, ascensores, los electrodom\u00e9sticos y el estado general de cada uno en las \u00e1reas comunes facilita la gesti\u00f3n.<\/p>\n<p>El uso de la iluminaci\u00f3n representa el 32% del consumo total, mientras que el aire acondicionado puede alcanzar hasta el 43%. Si usted est\u00e1 consumiendo m\u00e1s de estos porcentajes, debe pensar en una herramienta que le permita reconocer d\u00f3nde est\u00e1n los gastos y c\u00f3mo disminuirlos.<\/p>\n<p>Con Efiex es posible vincular y reconocer los gastos por minuto y los equipos que emplean la energ\u00eda, donde sea que usted se encuentre.<\/p>\n<p>Reduce costos de servicios innecesarios.<\/p>\n<p>&nbsp;<\/p>\n<p>&nbsp;<\/p>\n<h1>\u00a0Call Center y Centros de c\u00f3mputo<\/h1>\n<p>&nbsp;<\/p>\n<p><img decoding=\"async\" loading=\"lazy\" class=\" wp-image-216 alignright\" src=\"https:\/\/www.efiex.co\/blog\/wp-content\/uploads\/2017\/12\/i_computo.jpg\" alt=\"\" width=\"501\" height=\"338\" srcset=\"https:\/\/www.efiex.co\/blog\/wp-content\/uploads\/2017\/12\/i_computo.jpg 646w, https:\/\/www.efiex.co\/blog\/wp-content\/uploads\/2017\/12\/i_computo-300x202.jpg 300w\" sizes=\"auto, (max-width: 501px) 100vw, 501px\" \/><\/p>\n<p>La administraci\u00f3n del call center y la gesti\u00f3n de mantenimiento, podr\u00e1 tomar decisiones de manera segura, con la auditoria 24\/7 que presta Efiex, si existen variaciones de largos periodos, Efiex, registra y brinda acciones encaminadas a la toma r\u00e1pida y precisa de decisiones.<\/p>\n<p>Conocer interrupciones, ca\u00eddas de tensi\u00f3n de larga duraci\u00f3n (&gt; 1 minuto) o variaciones significativas en la distorsi\u00f3n arm\u00f3nica permiten brindarle mayor calidad a los equipos primordiales de telecomunicaciones y computo, asegurando mejorar la vida \u00fatil de los equipos, fallas espor\u00e1dicas y da\u00f1os cuantiosos a la operaci\u00f3n.<\/p>\n<\/div>\n<\/div>\n<div><\/div>\n<h1 class=\"col-sm-6\">Pl\u00e1sticos<\/h1>\n<div><\/div>\n<div><img decoding=\"async\" loading=\"lazy\" class=\"wp-image-219 alignright\" src=\"https:\/\/www.efiex.co\/blog\/wp-content\/uploads\/2017\/12\/i_plasticos.jpg\" alt=\"\" width=\"501\" height=\"360\" srcset=\"https:\/\/www.efiex.co\/blog\/wp-content\/uploads\/2017\/12\/i_plasticos.jpg 1046w, https:\/\/www.efiex.co\/blog\/wp-content\/uploads\/2017\/12\/i_plasticos-300x216.jpg 300w, https:\/\/www.efiex.co\/blog\/wp-content\/uploads\/2017\/12\/i_plasticos-768x552.jpg 768w, https:\/\/www.efiex.co\/blog\/wp-content\/uploads\/2017\/12\/i_plasticos-1024x736.jpg 1024w\" sizes=\"auto, (max-width: 501px) 100vw, 501px\" \/><\/div>\n<div class=\"col-sm-6\">En la industria pl\u00e1stica, la cuantificaci\u00f3n del uso energ\u00eda el\u00e9ctrica por equipo es fundamental, cerca del 40% del costo final de un producto pl\u00e1stico puede atribuirse a la energ\u00eda el\u00e9ctrica, si no se cuenta con un control minuto a minuto con metas establecidas, cuantificar el valor final por kg no ser\u00eda posible. Efiex, cuenta con un registro minuto a minuto reverenciado en Watts-hora o en pesos $.<\/div>\n<div><\/div>\n<div class=\"col-sm-6\">Adicionalmente, el relacionamiento de kg-kWh, facilita establecer si las acciones tomadas durante las etapas de producci\u00f3n, han sido efectivas o no, esto es ISO 50001.<\/div>\n<div><\/div>\n<div><\/div>\n<div><\/div>\n<h1 class=\"col-sm-6\">Restaurantes y Alimentos<\/h1>\n<div><\/div>\n<div><img decoding=\"async\" loading=\"lazy\" class=\"wp-image-220 alignright\" src=\"https:\/\/www.efiex.co\/blog\/wp-content\/uploads\/2017\/12\/i_restaurant.jpg\" alt=\"\" width=\"500\" height=\"332\" srcset=\"https:\/\/www.efiex.co\/blog\/wp-content\/uploads\/2017\/12\/i_restaurant.jpg 738w, https:\/\/www.efiex.co\/blog\/wp-content\/uploads\/2017\/12\/i_restaurant-300x199.jpg 300w, https:\/\/www.efiex.co\/blog\/wp-content\/uploads\/2017\/12\/i_restaurant-272x182.jpg 272w\" sizes=\"auto, (max-width: 500px) 100vw, 500px\" \/><\/div>\n<div class=\"col-sm-6\">Establecer a tiempo si una nevera no est\u00e1 en funcionamiento, puede evitar sobrecostos y mala reputaci\u00f3n. Efiex, permite generar avisos en tiempo real que facilitan no solamente establecer cuando un equipo no est\u00e1 visible, sino que adem\u00e1s, puede llevar una traza de su consumo minuto a minuto ahorrando costos en inspecciones innecesarias directamente a su celular v\u00eda correo electr\u00f3nico.<\/div>\n<div><\/div>\n<div class=\"col-sm-6\">Si de comparar se trata, Efiex, puede establecer una l\u00ednea base, para permitir comparar diferentes locales una misma cadena, estableciendo la m\u00e1s eficiente en consumos y sobretodo, c\u00f3mo lo est\u00e1n logrando, para replicar buenas pr\u00e1cticas de gesti\u00f3n y realizar as\u00ed un ciclo de mejora continua en su empresa.<\/div>\n<div><\/div>\n<div><\/div>\n<h1 class=\"col-sm-6\">Miner\u00eda<\/h1>\n<div><\/div>\n<div><img decoding=\"async\" loading=\"lazy\" class=\"wp-image-218 alignright\" src=\"https:\/\/www.efiex.co\/blog\/wp-content\/uploads\/2017\/12\/i_mineria.jpg\" alt=\"\" width=\"500\" height=\"372\" srcset=\"https:\/\/www.efiex.co\/blog\/wp-content\/uploads\/2017\/12\/i_mineria.jpg 734w, https:\/\/www.efiex.co\/blog\/wp-content\/uploads\/2017\/12\/i_mineria-300x223.jpg 300w\" sizes=\"auto, (max-width: 500px) 100vw, 500px\" \/><\/div>\n<div class=\"col-sm-6\">Los procesos que requieren control estricto y principalmente un relacionamiento entre los kg producidos y los kWh empleados, encuentran en Efiex la perfecta herramienta para cuantificar los costos de los procesos.<\/div>\n<div><\/div>\n<div class=\"col-sm-6\">Efiex contempla el uso de la energ\u00eda y todas sus variables cada minuto, facilitando el env\u00edo de la informaci\u00f3n a las diferentes \u00e1reas de la compa\u00f1\u00eda.\u00a0De otra parte, el registro de eventos significativos como lluvias, accidentes o simplemente si fue un d\u00eda soleado, permite establecer las circunstancias por las cuales un d\u00eda de producci\u00f3n fue certeramente m\u00e1s efectivo que otro.<\/div>\n<div><\/div>\n<div><\/div>\n<div><\/div>\n<div>\n<h1><\/h1>\n<h1>Nuestros clientes<\/h1>\n<p>&nbsp;<\/p>\n<\/div>\n<div>\n<p class=\"h44\">&#8220;Cuando requer\u00edamos un estado actualizado de las cargas en planta, contrat\u00e1bamos estudios de calidad de energ\u00eda, con costos que se equiparaban al costo anual del servicio de energ\u00eda de Efiex. Si bien resultaban eficaces para conocer de primera mano el consumo m\u00e1ximo, entendimos que con un chequeo permanente, en vez de uno semanal, obtendr\u00edamos m\u00e1s y mejores datos para tomar decisiones, en especial en cuanto a la necesidad de aumentar cada a\u00f1o con nuevos equipos y detectar problemas de energ\u00eda reactiva o cortes de energ\u00eda. Con Efiex, no tenemos dudas del uso a un menor coste.&#8221;<\/p>\n<p style=\"text-align: right;\">Giovanny Fernandez<br \/>\nGerente Cultivos Asociados<\/p>\n<p>&nbsp;<\/p>\n<p class=\"h44\">&#8220;Con el Monitor de Efiex y la informaci\u00f3n a mano, hemos reducido el consumo de energ\u00eda en un 19%. Aplicando mejores pr\u00e1cticas que resultaron en decisiones eficaces y sobretodo verificables.&#8221;<\/p>\n<p style=\"text-align: right;\">Fernando Torres M.<br \/>\nConsultor experto Oil&#8221;&amp;&#8221;Gas<\/p>\n<p class=\"h44\">&#8220;Me hab\u00edan solicitado de la gerencia los costos por tonelada producida, ten\u00eda que tener en cuenta los costos de combustible de las retro, las volquetas y la energ\u00eda en planta de trituraci\u00f3n. La factura no me daba los valores que requer\u00eda por lo que empezamos a tomar datos con una pinza amperim\u00e9trica la cual nos daba una idea de la potencia en el proceso de molienda. Ahora que tengo el sistema en l\u00ednea puedo ver en tiempo real y en donde sea que me encuentre los costos minuto a minuto, adem\u00e1s de los costos por motor en funcionamiento, y tengo total certeza sobre la informaci\u00f3n que necesitamos.&#8221;<\/p>\n<p style=\"text-align: right;\">Pablo E. Mu\u00f1oz.<br \/>\nJefe de Producci\u00f3n MHM<\/p>\n<p>&nbsp;<\/p>\n<\/div>\n","protected":false},"excerpt":{"rendered":"<p>Edificios, Clubes y Hoteles Para la administraci\u00f3n de los edificios, contar con informaci\u00f3n en tiempo real del consumo energ\u00e9tico permite formar planes de acci\u00f3n en pro de garantizar un adecuado presupuesto de gasto anual. Conocer [&hellip;]<\/p>\n","protected":false},"author":1,"featured_media":0,"parent":52,"menu_order":0,"comment_status":"closed","ping_status":"closed","template":"","meta":{"nf_dc_page":"","footnotes":""},"class_list":["post-309","page","type-page","status-publish","hentry","post"],"_links":{"self":[{"href":"https:\/\/www.efiex.co\/blog\/wp-json\/wp\/v2\/pages\/309","targetHints":{"allow":["GET"]}}],"collection":[{"href":"https:\/\/www.efiex.co\/blog\/wp-json\/wp\/v2\/pages"}],"about":[{"href":"https:\/\/www.efiex.co\/blog\/wp-json\/wp\/v2\/types\/page"}],"author":[{"embeddable":true,"href":"https:\/\/www.efiex.co\/blog\/wp-json\/wp\/v2\/users\/1"}],"replies":[{"embeddable":true,"href":"https:\/\/www.efiex.co\/blog\/wp-json\/wp\/v2\/comments?post=309"}],"version-history":[{"count":1,"href":"https:\/\/www.efiex.co\/blog\/wp-json\/wp\/v2\/pages\/309\/revisions"}],"predecessor-version":[{"id":312,"href":"https:\/\/www.efiex.co\/blog\/wp-json\/wp\/v2\/pages\/309\/revisions\/312"}],"up":[{"embeddable":true,"href":"https:\/\/www.efiex.co\/blog\/wp-json\/wp\/v2\/pages\/52"}],"wp:attachment":[{"href":"https:\/\/www.efiex.co\/blog\/wp-json\/wp\/v2\/media?parent=309"}],"curies":[{"name":"wp","href":"https:\/\/api.w.org\/{rel}","templated":true}]}}