{"id":262,"date":"2017-12-08T17:53:54","date_gmt":"2017-12-08T22:53:54","guid":{"rendered":"https:\/\/www.efiex.co\/blog\/?page_id=262"},"modified":"2018-02-03T19:16:08","modified_gmt":"2018-02-04T00:16:08","slug":"acerca-de-nosotros","status":"publish","type":"page","link":"https:\/\/www.efiex.co\/blog\/acerca-de-nosotros\/","title":{"rendered":"Acerca de nosotros"},"content":{"rendered":"<p>El equipo de trabajo de Efiex, es un equipo multidisciplinario, que vincula primordialmente a ingenieros, expertos en gesti\u00f3n de empresas, directores de mantenimiento y desarrolladores.<\/p>\n<p>Entre sus creadores est\u00e1n<span class=\"s1\">\u00a0ingenieros electricistas, especialistas en sistemas de informaci\u00f3n, de medici\u00f3n electr\u00f3nica y software de gesti\u00f3n, cuenta con el premio de Internet Colombia por desarrollo de software para aplicaciones de comercio electr\u00f3nico y\u00a0<\/span><span class=\"s1\">especialistas en sistemas de medici\u00f3n, par\u00e1metros el\u00e9ctricos, procesos industriales y asesor\u00edas energ\u00e9ticas.<\/span><\/p>\n<p>Nuestro apoyo permanente es sustentado tambi\u00e9n por <span class=\"s1\">expertos en comunicaciones y medios audiovisuales,<\/span><span class=\"s1\">\u00a0sistemas de generaci\u00f3n alternativa con \u00e9nfasis en energ\u00eda Fotovoltaica,\u00a0<\/span><span class=\"s1\">instalaciones industriales, sistemas de distribuci\u00f3n y plantas de petr\u00f3leo y gas.<\/span><\/p>\n<p class=\"p1\"><span class=\"s1\">Nuestra misi\u00f3n es entregar herramientas que mejoren la productividad de las empresas y para lograr nuestro objetivo nos enfocamos en:<\/span><\/p>\n<p class=\"p1\"><span class=\"s1\"><b>Innovaci\u00f3n<\/b>: Nuestro proceso de desarrollo de sistemas y comunicaci\u00f3n efectiva entre usuarios y proveedores, expertos y gerentes cuyo fundamentado es la innovaci\u00f3n, por eso siempre buscaremos soluciones nuevas y mejoras disponibles en el mercado.<\/span><\/p>\n<p class=\"p1\"><span class=\"s1\"><b>Dise\u00f1o<\/b>: Somos conscientes de que gran parte del \u00e9xito de las aplicaciones dependen de su dise\u00f1o y la interacci\u00f3n, por esto dedicamos especial atenci\u00f3n al desarrollo continuo, investigaci\u00f3n e innovaci\u00f3n.<\/span><\/p>\n<p class=\"p1\"><span class=\"s1\"><b>Desarrollo<\/b>: Es fundamental para Efiex crear permanentemente herramientas que permitan una adecuada gesti\u00f3n organizacional, enfocada a los medios de producci\u00f3n.<\/span><\/p>\n<p class=\"p1\"><span class=\"s1\"><b>Actualizaciones<\/b>: Desarrollar e integrar verticalmente nuestra cadena de valor, permitir\u00e1 ajustar a sintonizar las soluciones a buscando permanentemente la veracidad de la informaci\u00f3n que Efiex produce y entrega a sus usuarios.<\/span><\/p>\n<p class=\"p1\"><span class=\"s1\"><b>Entrenamiento<\/b>: Adaptar nuevas metodolog\u00edas y el continuo aprendizaje hacen parte de nuestra filosofia. Compartir el conocimiento es la esencia de nuestra compa\u00f1\u00eda.<\/span><\/p>\n<p>&nbsp;<\/p>\n<p><img decoding=\"async\" loading=\"lazy\" class=\"alignnone size-full wp-image-107\" src=\"https:\/\/www.efiex.co\/blog\/wp-content\/uploads\/2017\/10\/cropped-logoefiexlr-2.png\" alt=\"\" width=\"200\" height=\"65\" \/><\/p>\n<p class=\"p1\">\n","protected":false},"excerpt":{"rendered":"<p>El equipo de trabajo de Efiex, es un equipo multidisciplinario, que vincula primordialmente a ingenieros, expertos en gesti\u00f3n de empresas, directores de mantenimiento y desarrolladores. Entre sus creadores est\u00e1n\u00a0ingenieros electricistas, especialistas en sistemas de informaci\u00f3n, [&hellip;]<\/p>\n","protected":false},"author":2,"featured_media":0,"parent":0,"menu_order":0,"comment_status":"closed","ping_status":"closed","template":"","meta":{"nf_dc_page":"","footnotes":""},"class_list":["post-262","page","type-page","status-publish","hentry","post"],"_links":{"self":[{"href":"https:\/\/www.efiex.co\/blog\/wp-json\/wp\/v2\/pages\/262","targetHints":{"allow":["GET"]}}],"collection":[{"href":"https:\/\/www.efiex.co\/blog\/wp-json\/wp\/v2\/pages"}],"about":[{"href":"https:\/\/www.efiex.co\/blog\/wp-json\/wp\/v2\/types\/page"}],"author":[{"embeddable":true,"href":"https:\/\/www.efiex.co\/blog\/wp-json\/wp\/v2\/users\/2"}],"replies":[{"embeddable":true,"href":"https:\/\/www.efiex.co\/blog\/wp-json\/wp\/v2\/comments?post=262"}],"version-history":[{"count":4,"href":"https:\/\/www.efiex.co\/blog\/wp-json\/wp\/v2\/pages\/262\/revisions"}],"predecessor-version":[{"id":266,"href":"https:\/\/www.efiex.co\/blog\/wp-json\/wp\/v2\/pages\/262\/revisions\/266"}],"wp:attachment":[{"href":"https:\/\/www.efiex.co\/blog\/wp-json\/wp\/v2\/media?parent=262"}],"curies":[{"name":"wp","href":"https:\/\/api.w.org\/{rel}","templated":true}]}}